{"id":1056,"date":"2018-09-13T10:16:58","date_gmt":"2018-09-13T10:16:58","guid":{"rendered":"https:\/\/www.solportsoller.com\/inicio\/"},"modified":"2026-03-27T17:55:59","modified_gmt":"2026-03-27T17:55:59","slug":"inicio","status":"publish","type":"page","link":"https:\/\/www.solportsoller.com\/fr\/","title":{"rendered":"Accueil"},"content":{"rendered":"","protected":false},"excerpt":{"rendered":"","protected":false},"author":1,"featured_media":0,"parent":0,"menu_order":0,"comment_status":"closed","ping_status":"closed","template":"","meta":{"footnotes":""},"class_list":["post-1056","page","type-page","status-publish","hentry"],"yoast_head":"<!-- This site is optimized with the Yoast SEO plugin v27.4 - https:\/\/yoast.com\/product\/yoast-seo-wordpress\/ -->\n<title>Sol Port S\u00f3ller, h\u00f4tel \u00e0 S\u00f3ller au charme de Majorque | Official website<\/title>\n<meta name=\"description\" content=\"Vivez un s\u00e9jour de luxe \u00e0 S\u00f3ller, l&#039;un des villages les plus charmants de l&#039;\u00eele.Bienvenue dans notre h\u00f4tel \u00e0 S\u00f3ller, bienvenue dans votre ville.\" \/>\n<meta name=\"robots\" content=\"index, follow, max-snippet:-1, max-image-preview:large, max-video-preview:-1\" \/>\n<link rel=\"canonical\" href=\"https:\/\/www.solportsoller.com\/fr\/\" \/>\n<meta property=\"og:locale\" content=\"fr_FR\" \/>\n<meta property=\"og:type\" content=\"article\" \/>\n<meta property=\"og:title\" content=\"Sol Port S\u00f3ller, h\u00f4tel \u00e0 S\u00f3ller au charme de Majorque | Official website\" \/>\n<meta property=\"og:description\" content=\"Vivez un s\u00e9jour de luxe \u00e0 S\u00f3ller, l&#039;un des villages les plus charmants de l&#039;\u00eele.Bienvenue dans notre h\u00f4tel \u00e0 S\u00f3ller, bienvenue dans votre ville.\" \/>\n<meta property=\"og:url\" content=\"https:\/\/www.solportsoller.com\/fr\/\" \/>\n<meta property=\"og:site_name\" content=\"Sol Port Soller\" \/>\n<meta property=\"article:modified_time\" content=\"2026-03-27T17:55:59+00:00\" \/>\n<meta name=\"twitter:card\" content=\"summary_large_image\" \/>\n<script type=\"application\/ld+json\" class=\"yoast-schema-graph\">{\"@context\":\"https:\\\/\\\/schema.org\",\"@graph\":[{\"@type\":\"WebPage\",\"@id\":\"https:\\\/\\\/www.solportsoller.com\\\/fr\\\/\",\"url\":\"https:\\\/\\\/www.solportsoller.com\\\/fr\\\/\",\"name\":\"Sol Port S\u00f3ller, h\u00f4tel \u00e0 S\u00f3ller au charme de Majorque | Official website\",\"isPartOf\":{\"@id\":\"https:\\\/\\\/www.solportsoller.com\\\/#website\"},\"datePublished\":\"2018-09-13T10:16:58+00:00\",\"dateModified\":\"2026-03-27T17:55:59+00:00\",\"description\":\"Vivez un s\u00e9jour de luxe \u00e0 S\u00f3ller, l'un des villages les plus charmants de l'\u00eele.Bienvenue dans notre h\u00f4tel \u00e0 S\u00f3ller, bienvenue dans votre ville.\",\"breadcrumb\":{\"@id\":\"https:\\\/\\\/www.solportsoller.com\\\/fr\\\/#breadcrumb\"},\"inLanguage\":\"fr-FR\",\"potentialAction\":[{\"@type\":\"ReadAction\",\"target\":[\"https:\\\/\\\/www.solportsoller.com\\\/fr\\\/\"]}]},{\"@type\":\"BreadcrumbList\",\"@id\":\"https:\\\/\\\/www.solportsoller.com\\\/fr\\\/#breadcrumb\",\"itemListElement\":[{\"@type\":\"ListItem\",\"position\":1,\"name\":\"Portada\",\"item\":\"https:\\\/\\\/www.solportsoller.com\\\/fr\\\/\"},{\"@type\":\"ListItem\",\"position\":2,\"name\":\"Accueil\"}]},{\"@type\":\"WebSite\",\"@id\":\"https:\\\/\\\/www.solportsoller.com\\\/#website\",\"url\":\"https:\\\/\\\/www.solportsoller.com\\\/\",\"name\":\"Sol Port Soller\",\"description\":\"\",\"potentialAction\":[{\"@type\":\"SearchAction\",\"target\":{\"@type\":\"EntryPoint\",\"urlTemplate\":\"https:\\\/\\\/www.solportsoller.com\\\/?s={search_term_string}\"},\"query-input\":{\"@type\":\"PropertyValueSpecification\",\"valueRequired\":true,\"valueName\":\"search_term_string\"}}],\"inLanguage\":\"fr-FR\"}]}<\/script>\n<!-- \/ Yoast SEO plugin. -->","yoast_head_json":{"title":"Sol Port S\u00f3ller, h\u00f4tel \u00e0 S\u00f3ller au charme de Majorque | Official website","description":"Vivez un s\u00e9jour de luxe \u00e0 S\u00f3ller, l'un des villages les plus charmants de l'\u00eele.Bienvenue dans notre h\u00f4tel \u00e0 S\u00f3ller, bienvenue dans votre ville.","robots":{"index":"index","follow":"follow","max-snippet":"max-snippet:-1","max-image-preview":"max-image-preview:large","max-video-preview":"max-video-preview:-1"},"canonical":"https:\/\/www.solportsoller.com\/fr\/","og_locale":"fr_FR","og_type":"article","og_title":"Sol Port S\u00f3ller, h\u00f4tel \u00e0 S\u00f3ller au charme de Majorque | Official website","og_description":"Vivez un s\u00e9jour de luxe \u00e0 S\u00f3ller, l'un des villages les plus charmants de l'\u00eele.Bienvenue dans notre h\u00f4tel \u00e0 S\u00f3ller, bienvenue dans votre ville.","og_url":"https:\/\/www.solportsoller.com\/fr\/","og_site_name":"Sol Port Soller","article_modified_time":"2026-03-27T17:55:59+00:00","twitter_card":"summary_large_image","schema":{"@context":"https:\/\/schema.org","@graph":[{"@type":"WebPage","@id":"https:\/\/www.solportsoller.com\/fr\/","url":"https:\/\/www.solportsoller.com\/fr\/","name":"Sol Port S\u00f3ller, h\u00f4tel \u00e0 S\u00f3ller au charme de Majorque | Official website","isPartOf":{"@id":"https:\/\/www.solportsoller.com\/#website"},"datePublished":"2018-09-13T10:16:58+00:00","dateModified":"2026-03-27T17:55:59+00:00","description":"Vivez un s\u00e9jour de luxe \u00e0 S\u00f3ller, l'un des villages les plus charmants de l'\u00eele.Bienvenue dans notre h\u00f4tel \u00e0 S\u00f3ller, bienvenue dans votre ville.","breadcrumb":{"@id":"https:\/\/www.solportsoller.com\/fr\/#breadcrumb"},"inLanguage":"fr-FR","potentialAction":[{"@type":"ReadAction","target":["https:\/\/www.solportsoller.com\/fr\/"]}]},{"@type":"BreadcrumbList","@id":"https:\/\/www.solportsoller.com\/fr\/#breadcrumb","itemListElement":[{"@type":"ListItem","position":1,"name":"Portada","item":"https:\/\/www.solportsoller.com\/fr\/"},{"@type":"ListItem","position":2,"name":"Accueil"}]},{"@type":"WebSite","@id":"https:\/\/www.solportsoller.com\/#website","url":"https:\/\/www.solportsoller.com\/","name":"Sol Port Soller","description":"","potentialAction":[{"@type":"SearchAction","target":{"@type":"EntryPoint","urlTemplate":"https:\/\/www.solportsoller.com\/?s={search_term_string}"},"query-input":{"@type":"PropertyValueSpecification","valueRequired":true,"valueName":"search_term_string"}}],"inLanguage":"fr-FR"}]}},"_links":{"self":[{"href":"https:\/\/www.solportsoller.com\/fr\/wp-json\/wp\/v2\/pages\/1056","targetHints":{"allow":["GET"]}}],"collection":[{"href":"https:\/\/www.solportsoller.com\/fr\/wp-json\/wp\/v2\/pages"}],"about":[{"href":"https:\/\/www.solportsoller.com\/fr\/wp-json\/wp\/v2\/types\/page"}],"author":[{"embeddable":true,"href":"https:\/\/www.solportsoller.com\/fr\/wp-json\/wp\/v2\/users\/1"}],"replies":[{"embeddable":true,"href":"https:\/\/www.solportsoller.com\/fr\/wp-json\/wp\/v2\/comments?post=1056"}],"version-history":[{"count":0,"href":"https:\/\/www.solportsoller.com\/fr\/wp-json\/wp\/v2\/pages\/1056\/revisions"}],"wp:attachment":[{"href":"https:\/\/www.solportsoller.com\/fr\/wp-json\/wp\/v2\/media?parent=1056"}],"curies":[{"name":"wp","href":"https:\/\/api.w.org\/{rel}","templated":true}]}}