{"id":1054,"date":"2018-09-13T14:18:32","date_gmt":"2018-09-13T14:18:32","guid":{"rendered":"https:\/\/www.solportsoller.com\/promociones\/"},"modified":"2023-11-08T09:33:28","modified_gmt":"2023-11-08T09:33:28","slug":"offres-exclusives","status":"publish","type":"page","link":"https:\/\/www.solportsoller.com\/fr\/offres-exclusives\/","title":{"rendered":"OFFRES"},"content":{"rendered":"","protected":false},"excerpt":{"rendered":"","protected":false},"author":1,"featured_media":0,"parent":0,"menu_order":0,"comment_status":"closed","ping_status":"closed","template":"","meta":{"footnotes":""},"class_list":["post-1054","page","type-page","status-publish","hentry"],"yoast_head":"<!-- This site is optimized with the Yoast SEO plugin v27.4 - https:\/\/yoast.com\/product\/yoast-seo-wordpress\/ -->\n<title>Les offres exclusives de notre h\u00f4tel \u00e0 S\u00f3ller | Sol Port S\u00f3ller<\/title>\n<meta name=\"description\" content=\"Soyez inspir\u00e9, offres uniquement pour vous. D\u00e9couvrez les offres exclusives de notre h\u00f4tel \u00e0 S\u00f3ller et profitez des meilleures opportunit\u00e9s.Url: offres-exclusives\" \/>\n<meta name=\"robots\" content=\"index, follow, max-snippet:-1, max-image-preview:large, max-video-preview:-1\" \/>\n<link rel=\"canonical\" href=\"https:\/\/www.solportsoller.com\/exclusive-offers\/\" \/>\n<meta property=\"og:locale\" content=\"fr_FR\" \/>\n<meta property=\"og:type\" content=\"article\" \/>\n<meta property=\"og:title\" content=\"Les offres exclusives de notre h\u00f4tel \u00e0 S\u00f3ller | Sol Port S\u00f3ller\" \/>\n<meta property=\"og:description\" content=\"Soyez inspir\u00e9, offres uniquement pour vous. D\u00e9couvrez les offres exclusives de notre h\u00f4tel \u00e0 S\u00f3ller et profitez des meilleures opportunit\u00e9s.Url: offres-exclusives\" \/>\n<meta property=\"og:url\" content=\"https:\/\/www.solportsoller.com\/exclusive-offers\/\" \/>\n<meta property=\"og:site_name\" content=\"Sol Port Soller\" \/>\n<meta property=\"article:modified_time\" content=\"2023-11-08T09:33:28+00:00\" \/>\n<meta name=\"twitter:card\" content=\"summary_large_image\" \/>\n<script type=\"application\/ld+json\" class=\"yoast-schema-graph\">{\"@context\":\"https:\\\/\\\/schema.org\",\"@graph\":[{\"@type\":\"WebPage\",\"@id\":\"https:\\\/\\\/www.solportsoller.com\\\/exclusive-offers\\\/\",\"url\":\"https:\\\/\\\/www.solportsoller.com\\\/exclusive-offers\\\/\",\"name\":\"Les offres exclusives de notre h\u00f4tel \u00e0 S\u00f3ller | Sol Port S\u00f3ller\",\"isPartOf\":{\"@id\":\"https:\\\/\\\/www.solportsoller.com\\\/#website\"},\"datePublished\":\"2018-09-13T14:18:32+00:00\",\"dateModified\":\"2023-11-08T09:33:28+00:00\",\"description\":\"Soyez inspir\u00e9, offres uniquement pour vous. D\u00e9couvrez les offres exclusives de notre h\u00f4tel \u00e0 S\u00f3ller et profitez des meilleures opportunit\u00e9s.Url: offres-exclusives\",\"breadcrumb\":{\"@id\":\"https:\\\/\\\/www.solportsoller.com\\\/exclusive-offers\\\/#breadcrumb\"},\"inLanguage\":\"fr-FR\",\"potentialAction\":[{\"@type\":\"ReadAction\",\"target\":[\"https:\\\/\\\/www.solportsoller.com\\\/exclusive-offers\\\/\"]}]},{\"@type\":\"BreadcrumbList\",\"@id\":\"https:\\\/\\\/www.solportsoller.com\\\/exclusive-offers\\\/#breadcrumb\",\"itemListElement\":[{\"@type\":\"ListItem\",\"position\":1,\"name\":\"Portada\",\"item\":\"https:\\\/\\\/www.solportsoller.com\\\/fr\\\/\"},{\"@type\":\"ListItem\",\"position\":2,\"name\":\"OFFRES\"}]},{\"@type\":\"WebSite\",\"@id\":\"https:\\\/\\\/www.solportsoller.com\\\/#website\",\"url\":\"https:\\\/\\\/www.solportsoller.com\\\/\",\"name\":\"Sol Port Soller\",\"description\":\"\",\"potentialAction\":[{\"@type\":\"SearchAction\",\"target\":{\"@type\":\"EntryPoint\",\"urlTemplate\":\"https:\\\/\\\/www.solportsoller.com\\\/?s={search_term_string}\"},\"query-input\":{\"@type\":\"PropertyValueSpecification\",\"valueRequired\":true,\"valueName\":\"search_term_string\"}}],\"inLanguage\":\"fr-FR\"}]}<\/script>\n<!-- \/ Yoast SEO plugin. -->","yoast_head_json":{"title":"Les offres exclusives de notre h\u00f4tel \u00e0 S\u00f3ller | Sol Port S\u00f3ller","description":"Soyez inspir\u00e9, offres uniquement pour vous. D\u00e9couvrez les offres exclusives de notre h\u00f4tel \u00e0 S\u00f3ller et profitez des meilleures opportunit\u00e9s.Url: offres-exclusives","robots":{"index":"index","follow":"follow","max-snippet":"max-snippet:-1","max-image-preview":"max-image-preview:large","max-video-preview":"max-video-preview:-1"},"canonical":"https:\/\/www.solportsoller.com\/exclusive-offers\/","og_locale":"fr_FR","og_type":"article","og_title":"Les offres exclusives de notre h\u00f4tel \u00e0 S\u00f3ller | Sol Port S\u00f3ller","og_description":"Soyez inspir\u00e9, offres uniquement pour vous. D\u00e9couvrez les offres exclusives de notre h\u00f4tel \u00e0 S\u00f3ller et profitez des meilleures opportunit\u00e9s.Url: offres-exclusives","og_url":"https:\/\/www.solportsoller.com\/exclusive-offers\/","og_site_name":"Sol Port Soller","article_modified_time":"2023-11-08T09:33:28+00:00","twitter_card":"summary_large_image","schema":{"@context":"https:\/\/schema.org","@graph":[{"@type":"WebPage","@id":"https:\/\/www.solportsoller.com\/exclusive-offers\/","url":"https:\/\/www.solportsoller.com\/exclusive-offers\/","name":"Les offres exclusives de notre h\u00f4tel \u00e0 S\u00f3ller | Sol Port S\u00f3ller","isPartOf":{"@id":"https:\/\/www.solportsoller.com\/#website"},"datePublished":"2018-09-13T14:18:32+00:00","dateModified":"2023-11-08T09:33:28+00:00","description":"Soyez inspir\u00e9, offres uniquement pour vous. D\u00e9couvrez les offres exclusives de notre h\u00f4tel \u00e0 S\u00f3ller et profitez des meilleures opportunit\u00e9s.Url: offres-exclusives","breadcrumb":{"@id":"https:\/\/www.solportsoller.com\/exclusive-offers\/#breadcrumb"},"inLanguage":"fr-FR","potentialAction":[{"@type":"ReadAction","target":["https:\/\/www.solportsoller.com\/exclusive-offers\/"]}]},{"@type":"BreadcrumbList","@id":"https:\/\/www.solportsoller.com\/exclusive-offers\/#breadcrumb","itemListElement":[{"@type":"ListItem","position":1,"name":"Portada","item":"https:\/\/www.solportsoller.com\/fr\/"},{"@type":"ListItem","position":2,"name":"OFFRES"}]},{"@type":"WebSite","@id":"https:\/\/www.solportsoller.com\/#website","url":"https:\/\/www.solportsoller.com\/","name":"Sol Port Soller","description":"","potentialAction":[{"@type":"SearchAction","target":{"@type":"EntryPoint","urlTemplate":"https:\/\/www.solportsoller.com\/?s={search_term_string}"},"query-input":{"@type":"PropertyValueSpecification","valueRequired":true,"valueName":"search_term_string"}}],"inLanguage":"fr-FR"}]}},"_links":{"self":[{"href":"https:\/\/www.solportsoller.com\/fr\/wp-json\/wp\/v2\/pages\/1054","targetHints":{"allow":["GET"]}}],"collection":[{"href":"https:\/\/www.solportsoller.com\/fr\/wp-json\/wp\/v2\/pages"}],"about":[{"href":"https:\/\/www.solportsoller.com\/fr\/wp-json\/wp\/v2\/types\/page"}],"author":[{"embeddable":true,"href":"https:\/\/www.solportsoller.com\/fr\/wp-json\/wp\/v2\/users\/1"}],"replies":[{"embeddable":true,"href":"https:\/\/www.solportsoller.com\/fr\/wp-json\/wp\/v2\/comments?post=1054"}],"version-history":[{"count":0,"href":"https:\/\/www.solportsoller.com\/fr\/wp-json\/wp\/v2\/pages\/1054\/revisions"}],"wp:attachment":[{"href":"https:\/\/www.solportsoller.com\/fr\/wp-json\/wp\/v2\/media?parent=1054"}],"curies":[{"name":"wp","href":"https:\/\/api.w.org\/{rel}","templated":true}]}}